{"id":138,"date":"2022-08-19T15:14:07","date_gmt":"2022-08-19T07:14:07","guid":{"rendered":"http:\/\/jhheat.com\/?page_id=138"},"modified":"2022-08-19T15:14:07","modified_gmt":"2022-08-19T07:14:07","slug":"privacy","status":"publish","type":"page","link":"http:\/\/test3.lingjuin.com\/de\/privatsphare\/","title":{"rendered":"Privatsph\u00e4re"},"content":{"rendered":"<p>Der Datenschutz und die Sicherheit Ihrer Daten ist uns sehr wichtig.<br \/>\nBitte sehen Sie sich die vollst\u00e4ndige Datenschutzerkl\u00e4rung unten an, um mehr zu erfahren.<\/p>\n<ol>\n<li>Einf\u00fchrung<\/li>\n<\/ol>\n<p>Diese Datenschutzrichtlinie erl\u00e4utert, wie unser Unternehmen und seine verbundenen Unternehmen Ihre Daten erfassen und verwenden. Unsere Datenschutzrichtlinie gilt f\u00fcr alle Personen, die unsere Website, unser Unternehmen und unsere Online-Dienste sowie die von unseren Mitgliedern bereitgestellten Websites und Online-Dienste (zusammenfassend als \u201eSites\u201c bezeichnet) besuchen und nutzen. Verbundene Unternehmen sind Unternehmen, die direkt oder indirekt unserem Unternehmen geh\u00f6ren, oder Unternehmen, die von unserem Unternehmen kontrolliert oder gemeinsam kontrolliert werden. Verweise auf \u201egrundlegende Gesundheit\u201c, \u201euns\u201c, \u201eunser\u201c oder \u201euns\u201c in dieser Datenschutzerkl\u00e4rung beziehen sich auf die Stelle, die f\u00fcr die Erhebung und Verwendung Ihrer personenbezogenen Daten verantwortlich ist, normalerweise die Stelle, die Ihre personenbezogenen Daten jeweils unter erh\u00e4lt. Diese Stelle wird auch als Datenverantwortlicher bezeichnet. Diese Datenschutzerkl\u00e4rung erstreckt sich nicht auf die von unserem Unternehmen oder unseren verbundenen Unternehmen betriebenen Websites und Online-Dienste. Diese Websites und Online-Dienste haben separate Datenschutzrichtlinien und sind nicht mit dieser Datenschutzrichtlinie verkn\u00fcpft oder durch Verweis zusammengef\u00fchrt. Auch f\u00fcr andere Teile unserer Website, wie z. B. passwortgesch\u00fctzte Bereiche oder Webseiten, die f\u00fcr die Online-Rekrutierung verwendet werden, k\u00f6nnen abweichende Datenschutzrichtlinien gelten. Unsere Datenschutzrichtlinie gilt nur f\u00fcr Aktivit\u00e4ten, die wir auf dieser Website durchf\u00fchren, und gilt nicht f\u00fcr Aktivit\u00e4ten, die \u201eoffline\u201c sind oder nichts mit dieser Website zu tun haben. Diese Datenschutzerkl\u00e4rung wurde in unsere Allgemeinen Gesch\u00e4ftsbedingungen aufgenommen und gilt auch f\u00fcr die Nutzung unserer Website. Indem Sie diese Website nutzen und Ihre personenbezogenen Daten und andere Informationen \u00fcber diese Website bereitstellen, erkennen Sie an, dass Ihre personenbezogenen Daten gem\u00e4\u00df den Bestimmungen dieser Datenschutzrichtlinie verarbeitet werden. Wenn Sie mit den in dieser Datenschutzrichtlinie beschriebenen Praktiken nicht einverstanden sind, stellen Sie uns bitte keine personenbezogenen Daten zur Verf\u00fcgung und interagieren Sie nicht auf andere Weise mit der Website. Wir behalten uns das Recht vor, diese Datenschutzerkl\u00e4rung jederzeit zu \u00e4ndern. Wenn wir wesentliche \u00c4nderungen an unserer Datenschutzrichtlinie vornehmen, werden wir dies auf dieser Website bekannt geben, bevor die \u00c4nderungen in Kraft treten. Sie k\u00f6nnen das Datum der letzten \u00dcberarbeitung dieser Datenschutzrichtlinie ermitteln, indem Sie oben auf das Datum der \u201eletzten Aktualisierung\u201c verweisen. Sie k\u00f6nnen die neueste Version dieser Datenschutzrichtlinie anzeigen. Wir empfehlen Ihnen, die Datenschutzerkl\u00e4rung regelm\u00e4\u00dfig auf \u00c4nderungen zu \u00fcberpr\u00fcfen.<\/p>\n<p>&nbsp;<\/p>\n<ol start=\"2\">\n<li>Welche personenbezogenen Daten erheben wir \u00fcber Sie?<\/li>\n<\/ol>\n<p>Personenbezogene Daten, die in dieser Datenschutzrichtlinie verwendet werden, beziehen sich auf alle Informationen, die sich auf eine identifizierte oder identifizierbare Person beziehen oder wie durch geltende Gesetze definiert. Wenn Sie unsere Website besuchen und freiwillig damit interagieren, erheben wir die folgenden personenbezogenen Daten:<br \/>\nIhr Vor- und Nachname;<br \/>\nName der Firma;<br \/>\nInternet Protocol (IP)-Adresse;<br \/>\nKontaktinformationen (z. B. Telefonnummer, E-Mail-Adresse);<br \/>\noder andere Informationen, die Sie freiwillig angeben.<\/p>\n<p>&nbsp;<\/p>\n<ol start=\"3\">\n<li>Wann erheben wir personenbezogene Daten \u00fcber Sie?<\/li>\n<\/ol>\n<p>Sofern Sie sich nicht freiwillig daf\u00fcr entscheiden, solche Informationen offenzulegen, wird unser Unternehmen \u00fcber diese Website keine personenbezogenen Daten von Ihnen sammeln. Wir k\u00f6nnen Sie bitten, bestimmte personenbezogene Daten zu verschiedenen Zeiten und an verschiedenen Stellen auf der Website anzugeben. Wenn Sie uns die angeforderten personenbezogenen Daten nicht zur Verf\u00fcgung stellen, k\u00f6nnen Sie in einigen F\u00e4llen m\u00f6glicherweise nicht auf alle Inhalte dieser Website zugreifen oder an allen Funktionen teilnehmen. Beispielsweise k\u00f6nnen wir personenbezogene Daten von Ihnen erfassen, wenn Sie die folgenden Aktionen ausf\u00fchren:<br \/>\nKaufen Sie Produkte von unserem Unternehmen \u00fcber unsere Website;<br \/>\n\u00d6ffnen oder antworten Sie auf unsere E-Mail;<br \/>\nWenn Sie uns im Rahmen von Kundenbefragungen freiwillig Informationen zur Verf\u00fcgung stellen, k\u00f6nnen wir diese mit den personenbezogenen Daten verkn\u00fcpfen, die wir zuvor \u00fcber Sie erhoben haben;<br \/>\nWenden Sie sich an den Kundendienst, nutzen Sie unsere \u201eVerbinden\u201c-Funktion, um mit unseren Unternehmensvertretern zu sprechen, oder nutzen Sie unsere Kundensupport-Tools;<br \/>\nUnsere Website \u00fcber soziale Netzwerke verbinden, verlinken oder \u201eteilen\u201c;<br \/>\nWenn Sie uns personenbezogene Daten eines Dritten zur Verf\u00fcgung stellen, bedeutet dies, dass Sie dem Dritten eine Mitteilung gemacht haben und von dem Dritten autorisiert wurden, solche Informationen bereitzustellen.<\/p>\n<p>&nbsp;<\/p>\n<ol start=\"4\">\n<li>Wie verwenden wir personenbezogene Daten?<\/li>\n<\/ol>\n<p>Unser Unternehmen verwendet die von uns erhobenen personenbezogenen Daten, um Ihnen Dienstleistungen zu erbringen oder eine vertragliche Vereinbarung mit Ihnen abzuschlie\u00dfen, wenn Sie unsere Website besuchen. Das beinhaltet:<br \/>\nErstellen Sie ein Online-Website-Konto f\u00fcr Sie gem\u00e4\u00df Ihren Anforderungen;<br \/>\nBereitstellung von Kundenservice (z. B. Beantwortung Ihrer Fragen oder Beantwortung von Anfragen);<br \/>\nIhnen Erinnerungen, Updates, Support, Verwaltungsnachrichten, Serviceank\u00fcndigungen und angeforderte Informationen zu senden;<br \/>\nWir verwenden personenbezogene Daten, die von Dritten oder von uns verfolgt werden, f\u00fcr legitime Gesch\u00e4ftszwecke, solange die Daten mit Ihren Rechten und Erwartungen in Bezug auf den Datenschutz vereinbar sind. Das beinhaltet:<br \/>\nBetreiben, pflegen und verbessern Sie diese Website, unsere Dienste und unsere Produkte;<br \/>\nDurchf\u00fchrung von Analysen und Durchf\u00fchrung von Kundenrecherchen;<br \/>\n\u00dcberpr\u00fcfen Sie Ihre F\u00e4higkeit, auf bestimmte Produkte oder Dienstleistungen zuzugreifen oder diese zu nutzen, die nur Personen zur Verf\u00fcgung stehen, die bestimmte Qualifikationsanforderungen oder -standards erf\u00fcllen, wie z. B. medizinisches Fachpersonal;<br \/>\nIhnen zu erm\u00f6glichen, mit bestimmten Drittanbietern von Inhaltsdiensten zu interagieren (z. B. um es Ihnen zu erm\u00f6glichen, Inhalte von Websites Dritter innerhalb dieser Website zu verlinken oder anzuzeigen oder unsere Inhalte auf Websites Dritter anzuzeigen);<br \/>\nIhnen die M\u00f6glichkeit zu geben, an den interaktiven Funktionen unserer Website teilzunehmen;<br \/>\nVerwaltung von Online-Umfragen oder Sonderangeboten, die von uns oder unseren externen Gesch\u00e4ftspartnern bereitgestellt werden;<br \/>\nVerbesserung unserer Website, unseres Kundendienstes, unserer Produkte und Dienstleistungen und der allgemeinen Benutzererfahrung;<br \/>\nVerbesserung anderer Informationen, die wir \u00fcber Sie haben, um uns zu helfen, Sie besser zu verstehen und Ihre Interessen zu bestimmen;<br \/>\nBestimmen Sie Ihre Pr\u00e4ferenzen, damit wir Sie \u00fcber neue Produkte oder andere Produkte, Dienstleistungen und Werbeaktionen informieren k\u00f6nnen, die f\u00fcr Sie von Interesse sein k\u00f6nnten;<br \/>\nUnser Unternehmen hat auch eine Rechtsgrundlage f\u00fcr die Verwendung Ihrer personenbezogenen Daten:<br \/>\nZur Verhinderung von Betrug, zur \u00f6ffentlichen Sicherheit und zur Durchsetzung der Meldepflichten und Gesch\u00e4ftsbedingungen unseres Unternehmens sowie zur Einhaltung von Gesetzen, Vorschriften, Gerichtsbeschl\u00fcssen, Vorladungen oder anderen rechtlichen Verfahren.<br \/>\nSoweit gesetzlich vorgeschrieben, k\u00f6nnen wir die gem\u00e4\u00df dieser Datenschutzrichtlinie erfassten Informationen auch mit Ihrer \u201eOpt-in\u201c-Zustimmung verwenden, um Ihnen Waren oder Dienstleistungen bereitzustellen, von denen wir glauben, dass sie f\u00fcr Sie von Interesse sein k\u00f6nnten.<\/p>\n<p>&nbsp;<\/p>\n<ol start=\"5\">\n<li>Wie geht man mit sensiblen personenbezogenen Daten um?<\/li>\n<\/ol>\n<p>Die in der Datenschutzrichtlinie verwendeten sensiblen personenbezogenen Daten (auch als \u201ebesondere Kategorien personenbezogener Daten\u201c bezeichnet) beziehen sich auf Daten in Bezug auf Ihre Rasse oder ethnische Zugeh\u00f6rigkeit, politische Meinungen, Religion oder andere \u00dcberzeugungen, Gesundheit, genetische oder biologische Merkmale, Sexualleben, oder Sexualit\u00e4t. Angaben zu Orientierung, Vorstrafen oder Gewerkschaftszugeh\u00f6rigkeit. Unser Unternehmen sammelt sensible personenbezogene Daten nur unter den folgenden begrenzten Umst\u00e4nden:<br \/>\nMit Ihrer ausdr\u00fccklichen Zustimmung;<br \/>\nSch\u00fctzen Sie die lebenswichtigen Interessen von Ihnen oder anderen, wenn Sie sich physisch oder rechtlich nicht einigen k\u00f6nnen;<br \/>\nWenn eine Behandlung zu vorbeugenden oder arbeitsmedizinischen Zwecken erforderlich ist, Gesundheits- oder Sozialf\u00fcrsorge oder -behandlung leisten oder Gesundheits- oder Sozialf\u00fcrsorgesysteme und -dienste gem\u00e4\u00df den Gesetzen der Union oder der Mitgliedstaaten oder gem\u00e4\u00df Vertr\u00e4gen mit Angeh\u00f6rigen der Gesundheitsberufe verwalten; oder verwendet werden, um Rechtsanspr\u00fcche zu begr\u00fcnden, auszu\u00fcben oder zu verteidigen, oder soweit dies nach geltendem Recht zul\u00e4ssig und erforderlich ist.<br \/>\nSofern nicht durch geltende Gesetze anders vorgeschrieben, m\u00fcssen Sie uns bei der Nutzung unserer Website keine sensiblen personenbezogenen Daten zur Verf\u00fcgung stellen. Wenn Sie sich dagegen entscheiden, hindert Sie Ihre Entscheidung nicht daran, unsere Website zu nutzen.<\/p>\n<p>&nbsp;<\/p>\n<ol start=\"6\">\n<li>Welche anderen Informationen sammeln wir?<\/li>\n<\/ol>\n<p>Wie viele andere Websites k\u00f6nnen wir, wenn Sie auf unserer Website surfen und mit ihr interagieren, automatische Erfassungstechnologien verwenden, um bestimmte Informationen \u00fcber Ihr Ger\u00e4t, Browsing-Operationen und Muster zu sammeln, einschlie\u00dflich:<br \/>\nDie Details Ihres Besuchs auf unserer Website, einschlie\u00dflich der Ressourcen, die Sie auf unserer Website besuchen und verwenden, Verkehrsdaten, Standortdaten, Protokolle, Sprache;<br \/>\nDatum und Uhrzeit des Zugriffs, H\u00e4ufigkeit und andere Kommunikationsdaten;<br \/>\nInformationen \u00fcber den Computer und die Internetverbindung, einschlie\u00dflich Betriebssystem, Hostdom\u00e4ne und Browsertyp (z. B. Internet Explorer); oder<br \/>\nDetails zur empfohlenen Website (URL).<br \/>\nDie Informationen, die wir automatisch sammeln, sind statistische Daten, die uns helfen k\u00f6nnen, unsere Website zu verbessern und bessere und personalisiertere Dienste anzubieten, einschlie\u00dflich der M\u00f6glichkeit:<br \/>\nBestimmen Sie Website-Traffic-Muster;<br \/>\nZ\u00e4hlen Sie die Anzahl der Website-Besuche;<br \/>\nIdentifizieren Sie die Quelle des Datenverkehrs, damit wir die Leistung der Website messen und verbessern k\u00f6nnen;<br \/>\ndiese Informationen an Dritte weitergeben oder verkaufen;<br \/>\nHelfen Sie uns zu verstehen, welche Seiten und Inhalte am beliebtesten und am wenigsten beliebt sind; und<br \/>\nBestimmen Sie die H\u00e4ufigkeit und das letzte Datum Ihres Besuchs auf unserer Website.<\/p>\n<p>&nbsp;<\/p>\n<ol start=\"7\">\n<li>Cookies und andere Technologien<\/li>\n<\/ol>\n<p>Wenn Sie unsere Website besuchen oder mit unseren E-Mails interagieren, verwenden wir Cookies, Web-Beacons\/Pixel-Tags und andere Technologien (zusammenfassend als \u201eCookies\u201c bezeichnet), um Sie zu identifizieren. \u201eCookies\u201c sind kleine Datenmengen, die aufgrund von Internetaktivit\u00e4ten auf einem Computer zwischengespeichert oder gespeichert werden. Diese Cookies k\u00f6nnen im Rahmen eines Erstanbieters oder eines Drittanbieters weitergegeben werden. Beispielsweise k\u00f6nnen wir Informationen \u00fcber Ihren Browsertyp und Ihre Browserversion, Ihr Betriebssystem, Ihre Benutzersprache, Ihren ISP, besuchte Webseiten, angeklickte Links, Ihre IP-Adresse, ob ein \u201eFlash\u201c-Plug-in vorhanden ist, die Bildschirmaufl\u00f6sung und Verbindungsinformationen erfassen. Arten, besuchte Websites vor und nach dem Besuch unserer Website, detaillierte Informationen \u00fcber die gekauften Waren und E-Mails, die Sie senden, weiterleiten oder anklicken, um unsere Website aufzurufen. Durch das Sammeln dieser Informationen k\u00f6nnen wir besser verstehen, wie Sie mit unserer Website interagieren; Ihnen ein personalisierteres und optimierteres Online-Erlebnis zu bieten, indem Sie Ihre Pr\u00e4ferenzen verfolgen; unsere Website zu verbessern; Vertr\u00e4ge mit unseren Gesch\u00e4ftspartnern erf\u00fcllen; Hilfe Best\u00e4tigen Sie den Empfang und antworten Sie auf unsere E-Mail; und bieten einen effektiveren Kundenservice. Weitere Informationen zu den von uns gesammelten Cookies und deren Deaktivierung finden Sie in unserer Cookie-Richtlinie und in Abschnitt 9 unten. Social-Media-Plugins. Unsere Website verwendet sogenannte Social Plugins (\u201ePlugins\u201c) der sozialen Netzwerke Facebook, Twitter und LinkedIn. Diese Plugins sind durch die jeweiligen Logos der sozialen Netzwerke gekennzeichnet. Wenn Sie die Seite besuchen, baut Ihr Browser eine direkte Verbindung mit den Servern dieser sozialen Netzwerke auf. Der Inhalt des Plugins wird vom sozialen Netzwerk direkt an Ihren Browser \u00fcbermittelt und von diesem in die Webseite eingebunden. Durch die Einbindung von Plug-Ins erhalten soziale Netzwerke die Informationen, die Sie auf die entsprechenden Seiten der Website geladen haben. Sind Sie beispielsweise bei Facebook eingeloggt, kann Facebook den Besuch Ihrem Konto zuordnen. Wenn Sie unsere Website besuchen, unabh\u00e4ngig davon, ob Sie mit dem Plug-in interagieren oder nicht, haben Sie diese Informationen bereits ausgetauscht. Wenn Sie mit den Plugins interagieren, wird die entsprechende Information \u00fcber Ihren Browser direkt an Facebook \u00fcbermittelt und dort gespeichert. Auf den Seiten der sozialen Netzwerke finden Sie Informationen zur Datennutzung durch soziale Netzwerke sowie Ihre diesbez\u00fcglichen Rechte und Einstellungsm\u00f6glichkeiten zum Schutz Ihrer Privatsph\u00e4re. Wenn Sie nicht m\u00f6chten, dass soziale Netzwerke \u00fcber unsere Website Daten \u00fcber Sie sammeln, m\u00fcssen Sie sich vor dem Besuch der Website bei der Dom\u00e4ne des sozialen Netzwerks anmelden. Um den Austausch von Informationen mit sozialen Netzwerken w\u00e4hrend Ihres Besuchs auf unserer Website zu verhindern, k\u00f6nnen Sie Cookies \u00fcber Ihre Browsereinstellungen und andere Tools deaktivieren.<\/p>\n<p>&nbsp;<\/p>\n<ol start=\"8\">\n<li>Wie teilen wir Informationen?<\/li>\n<\/ol>\n<p>Unser Unternehmen verpflichtet sich, Ihre personenbezogenen Daten vertraulich zu behandeln. Au\u00dfer wie in dieser Datenschutzrichtlinie vorgesehen, werden wir Ihre auf der Website gesammelten personenbezogenen Daten nicht an Dritte verkaufen, handeln oder vermieten. Wir k\u00f6nnen Ihre personenbezogenen Daten gem\u00e4\u00df den folgenden gesetzlichen Anforderungen oder Genehmigungen weitergeben:<br \/>\nIm t\u00e4glichen Gesch\u00e4ftsprozess darf jedes verbundene Unternehmen von Anhui Juhe Heating Technology Co., Ltd. Ihre personenbezogenen Daten nur f\u00fcr die in dieser Datenschutzrichtlinie beschriebenen Zwecke verwenden (z. B. um auf Ihre Anfragen zu unseren Produkten und Dienstleistungen zu antworten);<br \/>\nMit Auftragnehmern, Anbietern und Lieferanten, die in unserem Namen Dienstleistungen f\u00fcr uns erbringen, wie z. B. die Bearbeitung und Erf\u00fcllung von Bestellungen; Datenanalyse und -speicherung; Unterst\u00fctzung beim Direktmarketing und der Verteilung von E-Mails und anderen Mitteilungen; Betrugspr\u00e4vention; Lieferung und Logistik; und andere Zwecke der oben genannten Sammlung erf\u00fcllen;<br \/>\nWenn wir oder eines unserer verbundenen Unternehmen Konkurs oder die \u00dcbertragung von Eigentum (oder Verm\u00f6genswerten) im Zusammenhang mit der geplanten oder vollst\u00e4ndigen Unternehmensumstrukturierung eines unserer verbundenen Unternehmen anmelden, wie z. B. tats\u00e4chliche oder potenzielle Fusionen, \u00dcbernahmen oder Verk\u00e4ufe von Gesch\u00e4ftseinheiten;<br \/>\nEinhaltung gesetzlicher Vorschriften und beh\u00f6rdlicher Auflagen oder Unterst\u00fctzung von Audit-, Compliance- und Corporate-Governance-Funktionen nach Bedarf;<br \/>\nZur Bek\u00e4mpfung von Betrug oder kriminellen Aktivit\u00e4ten und zum Schutz der Rechte von uns oder unseren verbundenen Unternehmen, Benutzern und Gesch\u00e4ftspartnern oder im Rahmen von Gerichtsverfahren, die unser Unternehmen betreffen, einschlie\u00dflich der Durchsetzung unserer Allgemeinen Gesch\u00e4ftsbedingungen.<\/p>","protected":false},"excerpt":{"rendered":"<p>Der Datenschutz und die Sicherheit Ihrer Daten sind uns sehr wichtig. Bitte lesen Sie die vollst\u00e4ndige Datenschutzrichtlinie unten, um mehr zu erfahren. Einleitung In dieser Datenschutzrichtlinie wird erl\u00e4utert, wie unser Unternehmen und seine verbundenen Unternehmen Ihre Daten erfassen und verwenden. Unsere Datenschutzrichtlinie gilt f\u00fcr alle Personen, die unsere Website, unser Unternehmen und Online-Dienste besuchen und nutzen.<\/p>","protected":false},"author":1,"featured_media":0,"parent":0,"menu_order":0,"comment_status":"closed","ping_status":"closed","template":"page\/privacy.php","meta":{"_monsterinsights_skip_tracking":false,"_monsterinsights_sitenote_active":false,"_monsterinsights_sitenote_note":"","_monsterinsights_sitenote_category":0,"footnotes":""},"class_list":["post-138","page","type-page","status-publish","hentry"],"_links":{"self":[{"href":"http:\/\/test3.lingjuin.com\/de\/wp-json\/wp\/v2\/pages\/138"}],"collection":[{"href":"http:\/\/test3.lingjuin.com\/de\/wp-json\/wp\/v2\/pages"}],"about":[{"href":"http:\/\/test3.lingjuin.com\/de\/wp-json\/wp\/v2\/types\/page"}],"author":[{"embeddable":true,"href":"http:\/\/test3.lingjuin.com\/de\/wp-json\/wp\/v2\/users\/1"}],"replies":[{"embeddable":true,"href":"http:\/\/test3.lingjuin.com\/de\/wp-json\/wp\/v2\/comments?post=138"}],"version-history":[{"count":1,"href":"http:\/\/test3.lingjuin.com\/de\/wp-json\/wp\/v2\/pages\/138\/revisions"}],"predecessor-version":[{"id":139,"href":"http:\/\/test3.lingjuin.com\/de\/wp-json\/wp\/v2\/pages\/138\/revisions\/139"}],"wp:attachment":[{"href":"http:\/\/test3.lingjuin.com\/de\/wp-json\/wp\/v2\/media?parent=138"}],"curies":[{"name":"wp","href":"https:\/\/api.w.org\/{rel}","templated":true}]}}