{"id":138,"date":"2022-08-19T15:14:07","date_gmt":"2022-08-19T07:14:07","guid":{"rendered":"http:\/\/jhheat.com\/?page_id=138"},"modified":"2022-08-19T15:14:07","modified_gmt":"2022-08-19T07:14:07","slug":"privacy","status":"publish","type":"page","link":"http:\/\/test3.lingjuin.com\/es\/privacidad\/","title":{"rendered":"privacidad"},"content":{"rendered":"<p>La privacidad y seguridad de su informaci\u00f3n es muy importante para nosotros.<br \/>\nConsulte la pol\u00edtica de privacidad completa a continuaci\u00f3n para obtener m\u00e1s informaci\u00f3n.<\/p>\n<ol>\n<li>Introducci\u00f3n<\/li>\n<\/ol>\n<p>Esta pol\u00edtica de privacidad explica c\u00f3mo nuestra empresa y sus afiliados recopilan y utilizan su informaci\u00f3n. Nuestra pol\u00edtica de privacidad se aplica a todas las personas que visitan y utilizan nuestro sitio web, nuestra empresa y servicios en l\u00ednea, y los sitios web y servicios en l\u00ednea proporcionados por nuestros miembros (denominados colectivamente como &quot;sitios&quot;). Las empresas afiliadas son entidades de propiedad directa o indirecta de nuestra empresa, o entidades controladas o controladas conjuntamente por nuestra empresa. Las referencias a &quot;salud b\u00e1sica&quot;, &quot;nosotros&quot;, &quot;nuestro&quot; o &quot;nosotros&quot; en esta pol\u00edtica de privacidad se refieren a la entidad responsable de la recopilaci\u00f3n y el uso de sus datos personales, generalmente la entidad que obtiene sus datos personales en cada caso bajo. Esta entidad tambi\u00e9n se denomina controlador de datos. Esta pol\u00edtica de privacidad no cubre los sitios web y los servicios en l\u00ednea operados por nuestra empresa o nuestras empresas afiliadas. Estos sitios web y servicios en l\u00ednea tienen pol\u00edticas de privacidad separadas y no est\u00e1n vinculados a esta pol\u00edtica de privacidad ni se fusionan por referencia. Tambi\u00e9n se pueden aplicar diferentes pol\u00edticas de privacidad a otras partes de nuestro sitio web, como \u00e1reas protegidas con contrase\u00f1a o p\u00e1ginas web utilizadas para el reclutamiento en l\u00ednea. Nuestra pol\u00edtica de privacidad solo se aplica a las actividades que realizamos en este sitio web y no se aplica a las actividades que est\u00e1n &quot;fuera de l\u00ednea&quot; o no relacionadas con este sitio web. Esta pol\u00edtica de privacidad se ha incorporado a nuestros t\u00e9rminos y condiciones, y lo mismo se aplica cuando utiliza nuestro sitio web. Al usar este sitio web y proporcionar sus datos personales y otra informaci\u00f3n a trav\u00e9s de este sitio web, usted reconoce que sus datos personales ser\u00e1n procesados de acuerdo con los t\u00e9rminos de esta pol\u00edtica de privacidad. Si no est\u00e1 de acuerdo con las pr\u00e1cticas descritas en esta pol\u00edtica de privacidad, no nos proporcione sus datos personales ni interact\u00fae con el sitio web de otra manera. Nos reservamos el derecho de modificar esta pol\u00edtica de privacidad en cualquier momento. Si realizamos cambios importantes en nuestra pol\u00edtica de privacidad, lo notificaremos en este sitio web antes de que los cambios entren en vigencia. Puede determinar la \u00faltima fecha de revisi\u00f3n de esta pol\u00edtica de privacidad consultando la fecha de &quot;\u00faltima actualizaci\u00f3n&quot; anterior. Puede ver la \u00faltima versi\u00f3n de esta pol\u00edtica de privacidad. Le recomendamos que consulte regularmente la pol\u00edtica de privacidad para ver si ha habido cambios.<\/p>\n<p>&nbsp;<\/p>\n<ol start=\"2\">\n<li>\u00bfQu\u00e9 datos personales recopilamos sobre usted?<\/li>\n<\/ol>\n<p>Los datos personales utilizados en esta pol\u00edtica de privacidad se refieren a cualquier informaci\u00f3n relacionada con un individuo identificado o identificable, o seg\u00fan lo definido por las leyes aplicables. Cuando visite nuestro sitio web e interact\u00fae voluntariamente con \u00e9l, recopilaremos los siguientes datos personales:<br \/>\nTu nombre y apellido;<br \/>\nNombre de empresa;<br \/>\ndirecci\u00f3n de Protocolo de Internet (IP);<br \/>\nInformaci\u00f3n de contacto (por ejemplo, n\u00famero de tel\u00e9fono, direcci\u00f3n de correo electr\u00f3nico);<br \/>\nu otra informaci\u00f3n que usted proporcione voluntariamente.<\/p>\n<p>&nbsp;<\/p>\n<ol start=\"3\">\n<li>\u00bfCu\u00e1ndo recopilamos datos personales sobre usted?<\/li>\n<\/ol>\n<p>A menos que elija voluntariamente divulgar dicha informaci\u00f3n, nuestra empresa no recopilar\u00e1 ning\u00fan dato personal suyo a trav\u00e9s de este sitio web. Es posible que le pidamos que proporcione ciertos datos personales en diferentes momentos y lugares del sitio web. En algunos casos, si elige no proporcionarnos los datos personales solicitados, es posible que no pueda acceder a todo el contenido de este sitio web o participar en todas sus funciones. Por ejemplo, podemos recopilar datos personales suyos cuando realiza las siguientes acciones:<br \/>\nComprar productos de nuestra empresa a trav\u00e9s de nuestro sitio web;<br \/>\nAbra o responda a nuestro correo electr\u00f3nico;<br \/>\nCuando nos proporciona informaci\u00f3n voluntariamente a trav\u00e9s de encuestas a clientes, podemos vincularla a los datos personales que hemos recopilado previamente sobre usted;<br \/>\nP\u00f3ngase en contacto con el servicio de atenci\u00f3n al cliente, utilice nuestra funci\u00f3n de &quot;conexi\u00f3n&quot; para hablar con los representantes de nuestra empresa o utilice nuestras herramientas de atenci\u00f3n al cliente;<br \/>\nConectar, enlazar o \u201ccompartir\u201d nuestro sitio web a trav\u00e9s de sitios de redes sociales;<br \/>\nSi nos proporciona datos personales de un tercero, significa que le ha enviado un aviso al tercero y ha sido autorizado por el tercero para proporcionar dicha informaci\u00f3n.<\/p>\n<p>&nbsp;<\/p>\n<ol start=\"4\">\n<li>\u00bfC\u00f3mo utilizamos los datos personales?<\/li>\n<\/ol>\n<p>Nuestra empresa utiliza los datos personales que recopilamos para brindarle servicios o celebrar un acuerdo contractual con usted cuando visita nuestro sitio web. Esto incluye:<br \/>\nCree una cuenta de sitio web en l\u00ednea para usted de acuerdo con sus requisitos;<br \/>\nProporcionar servicio al cliente (por ejemplo, responder a sus preguntas o responder a solicitudes);<br \/>\nEnviarle recordatorios, actualizaciones, soporte, mensajes de gesti\u00f3n, anuncios de servicio e informaci\u00f3n solicitada;<br \/>\nUsaremos los datos personales buscados por un tercero o por nosotros por motivos comerciales leg\u00edtimos, siempre que los datos sean compatibles con sus derechos y expectativas de privacidad. Esto incluye:<br \/>\nOperar, mantener y mejorar este sitio web, nuestros servicios y nuestros productos;<br \/>\nRealizar an\u00e1lisis y realizar investigaciones de clientes;<br \/>\nVerificar su capacidad para acceder o usar ciertos productos o servicios que solo est\u00e1n disponibles para personas que cumplan con ciertos requisitos o est\u00e1ndares de calificaci\u00f3n, como profesionales de la salud;<br \/>\nPermitirle interactuar con ciertos proveedores de servicios de contenido de terceros (por ejemplo, para permitirle vincular o ver contenido de sitios web de terceros dentro de este sitio web, o ver nuestro contenido en sitios web de terceros);<br \/>\nPermitirle elegir participar en las funciones interactivas de nuestro sitio web;<br \/>\nAdministrar encuestas en l\u00ednea u ofertas especiales proporcionadas por nosotros o a trav\u00e9s de nuestros socios comerciales externos;<br \/>\nMejorar nuestro sitio web, el servicio al cliente, los productos y servicios y la experiencia general del usuario;<br \/>\nMejorar otra informaci\u00f3n que tenemos sobre usted para ayudarnos a comprenderlo mejor y determinar sus intereses;<br \/>\nDeterminar sus preferencias para que podamos notificarle sobre nuevos productos u otros productos, servicios y promociones que puedan ser de su inter\u00e9s;<br \/>\nNuestra empresa tambi\u00e9n tiene una base legal para usar sus datos personales:<br \/>\nPara prevenir el fraude, la seguridad p\u00fablica y hacer cumplir las obligaciones de informes y los t\u00e9rminos y condiciones de nuestra empresa, y cumplir con las leyes, reglamentos, \u00f3rdenes judiciales, citaciones u otros procedimientos legales.<br \/>\nCuando lo exija la ley, tambi\u00e9n podemos utilizar la informaci\u00f3n recopilada de acuerdo con esta pol\u00edtica de privacidad con su consentimiento de &quot;inclusi\u00f3n voluntaria&quot; para proporcionarle bienes o servicios que creemos que pueden ser de su inter\u00e9s. Informaci\u00f3n.<\/p>\n<p>&nbsp;<\/p>\n<ol start=\"5\">\n<li>\u00bfC\u00f3mo tratar los datos personales sensibles?<\/li>\n<\/ol>\n<p>Los datos personales confidenciales utilizados en la pol\u00edtica de privacidad (tambi\u00e9n denominados &quot;categor\u00edas especiales de datos personales&quot;) se refieren a datos relacionados con su raza o etnia, opiniones pol\u00edticas, religi\u00f3n u otras creencias, salud, caracter\u00edsticas gen\u00e9ticas o biol\u00f3gicas, vida sexual, o la sexualidad. Informaci\u00f3n sobre orientaci\u00f3n, antecedentes penales o afiliaci\u00f3n sindical. Nuestra empresa solo recopila datos personales confidenciales en las siguientes circunstancias limitadas:<br \/>\nCon su consentimiento expl\u00edcito;<br \/>\nProteger los intereses vitales de usted o de otros si no puede estar de acuerdo f\u00edsica o legalmente;<br \/>\nSi el tratamiento es necesario con fines preventivos o de medicina ocupacional, prestar atenci\u00f3n o tratamiento sanitario o social o gestionar los sistemas y servicios sanitarios o sociales de conformidad con la legislaci\u00f3n de la Uni\u00f3n o de los Estados miembros o de conformidad con los contratos con profesionales sanitarios; o utilizado para establecer, ejercer o defender reclamaciones legales, o en la medida permitida y requerida por las leyes aplicables.<br \/>\nA menos que las leyes aplicables exijan lo contrario, no es necesario que nos proporcione ning\u00fan dato personal confidencial cuando utilice nuestro sitio web. Si decide no hacerlo, su decisi\u00f3n no le impedir\u00e1 utilizar nuestro sitio web.<\/p>\n<p>&nbsp;<\/p>\n<ol start=\"6\">\n<li>\u00bfQu\u00e9 otra informaci\u00f3n recopilamos?<\/li>\n<\/ol>\n<p>Al igual que muchos otros sitios web, cuando navega e interact\u00faa con nuestro sitio web, podemos usar tecnolog\u00eda de recopilaci\u00f3n autom\u00e1tica para recopilar cierta informaci\u00f3n sobre su dispositivo, operaciones de navegaci\u00f3n y patrones, que incluyen:<br \/>\nLos detalles de su visita a nuestro sitio web, incluidos los recursos que visita y utiliza en nuestro sitio web, datos de tr\u00e1fico, datos de ubicaci\u00f3n, registros, idioma;<br \/>\nFecha y hora de acceso, frecuencia y otros datos de comunicaci\u00f3n;<br \/>\nInformaci\u00f3n sobre la computadora y la conexi\u00f3n a Internet, incluido el sistema operativo, el dominio del host y el tipo de navegador (como Internet Explorer); o<br \/>\nDetalles del sitio web recomendado (URL).<br \/>\nLa informaci\u00f3n que recopilamos autom\u00e1ticamente son datos estad\u00edsticos que pueden ayudarnos a mejorar nuestro sitio web y brindar servicios mejores y m\u00e1s personalizados, lo que incluye permitirnos:<br \/>\nDeterminar los patrones de tr\u00e1fico del sitio web;<br \/>\nCuente el n\u00famero de visitas al sitio;<br \/>\nIdentificar la fuente de tr\u00e1fico para que podamos medir y mejorar el rendimiento del sitio web;<br \/>\nCompartir o vender dicha informaci\u00f3n a terceros;<br \/>\nAy\u00fadanos a comprender qu\u00e9 p\u00e1ginas y contenido son los m\u00e1s populares y los menos populares; y<br \/>\nDeterminar la frecuencia y \u00faltima fecha de su visita a nuestro sitio web.<\/p>\n<p>&nbsp;<\/p>\n<ol start=\"7\">\n<li>Cookies y otras tecnolog\u00edas<\/li>\n<\/ol>\n<p>Cuando visita nuestro sitio web o interact\u00faa con nuestros correos electr\u00f3nicos, utilizamos cookies, balizas web\/etiquetas de p\u00edxel y otras tecnolog\u00edas (denominadas colectivamente como &quot;cookies&quot;) para identificarlo. Las &quot;cookies&quot; son peque\u00f1as cantidades de datos almacenados en cach\u00e9 o almacenados en una computadora en funci\u00f3n de la actividad de Internet. Estas cookies se pueden pasar en el contexto de un primero o un tercero. Por ejemplo, podemos recopilar informaci\u00f3n sobre el tipo y la versi\u00f3n de su navegador, el sistema operativo, el idioma del usuario, el ISP, las p\u00e1ginas web visitadas, los enlaces en los que se hizo clic, la direcci\u00f3n IP, si hay un complemento &quot;Flash&quot;, la resoluci\u00f3n de la pantalla y la informaci\u00f3n de conexi\u00f3n. Tipos, sitios web visitados antes y despu\u00e9s de visitar nuestro sitio web, informaci\u00f3n detallada sobre los productos comprados y correos electr\u00f3nicos que env\u00eda, reenv\u00eda o hace clic para ingresar a nuestro sitio web. Al recopilar esta informaci\u00f3n, podemos comprender mejor c\u00f3mo interact\u00faa con nuestro sitio web; brindarle una experiencia en l\u00ednea m\u00e1s personalizada y optimizada mediante el seguimiento de sus preferencias; mejorar nuestro sitio web; realizar contratos con nuestros socios comerciales; ayuda Confirme la recepci\u00f3n y responda a nuestro correo electr\u00f3nico; y brindar un servicio al cliente m\u00e1s efectivo. Para obtener m\u00e1s informaci\u00f3n sobre las cookies que recopilamos y c\u00f3mo deshabilitarlas, visite nuestra Pol\u00edtica de cookies y la secci\u00f3n 9 a continuaci\u00f3n. Complementos de redes sociales. Nuestro sitio web utiliza los llamados complementos sociales (&quot;complementos&quot;) de las redes sociales Facebook, Twitter y LinkedIn. Estos complementos est\u00e1n indicados por los respectivos logotipos de las redes sociales. Cuando visite el sitio, su navegador establecer\u00e1 una conexi\u00f3n directa con los servidores de estas redes sociales. La red social transfiere el contenido del complemento directamente a su navegador y luego lo integra en el sitio web. La integraci\u00f3n de complementos permite que las redes sociales reciban la informaci\u00f3n que ha cargado en las p\u00e1ginas correspondientes del sitio. Por ejemplo, si inicia sesi\u00f3n con Facebook, podr\u00e1 asignar su visita a su cuenta. Cuando visita nuestro sitio web, ya sea que interact\u00fae con el complemento o no, ya ha intercambiado esta informaci\u00f3n. Si interact\u00faa con el complemento, la informaci\u00f3n correspondiente se enviar\u00e1 directamente a Facebook a trav\u00e9s de su navegador y se guardar\u00e1 all\u00ed. Puede encontrar informaci\u00f3n sobre c\u00f3mo las redes sociales utilizan los datos, as\u00ed como sus derechos y configuraciones opcionales en los sitios de redes sociales para proteger su privacidad. Si no desea que las redes sociales recopilen datos sobre usted a trav\u00e9s de nuestro sitio web, debe iniciar sesi\u00f3n en el dominio de la red social antes de visitar el sitio web. Para evitar el intercambio de informaci\u00f3n con las redes sociales durante su visita a nuestro sitio web, puede optar por no recibir cookies a trav\u00e9s de la configuraci\u00f3n de su navegador y otras herramientas.<\/p>\n<p>&nbsp;<\/p>\n<ol start=\"8\">\n<li>\u00bfC\u00f3mo compartimos informaci\u00f3n?<\/li>\n<\/ol>\n<p>Nuestra empresa se compromete a mantener la confidencialidad de sus datos personales. Salvo lo dispuesto en esta pol\u00edtica de privacidad, no venderemos, comercializaremos ni alquilaremos sus datos personales recopilados en el sitio web a terceros. Podemos compartir sus datos personales de acuerdo con los siguientes requisitos o permisos legales:<br \/>\nEn el proceso comercial diario, cualquier empresa afiliada de Anhui Juhe Heating Technology Co., Ltd. solo puede utilizar sus datos personales para los fines descritos en esta pol\u00edtica de privacidad (por ejemplo, para responder a sus consultas sobre nuestros productos y servicios);<br \/>\nCon contratistas, vendedores y proveedores que nos brindan servicios en nuestro nombre, como el procesamiento y cumplimiento de pedidos; an\u00e1lisis y almacenamiento de datos; ayudar en el marketing directo y la distribuci\u00f3n de correos electr\u00f3nicos y otras comunicaciones; servicios de prevenci\u00f3n de fraude; entrega y log\u00edstica; y Completar otros prop\u00f3sitos de la colecci\u00f3n anterior;<br \/>\nSi nosotros o cualquiera de nuestras empresas afiliadas se declara en quiebra o la transferencia de propiedad (o activos) relacionada con la reorganizaci\u00f3n corporativa propuesta o completa de cualquiera de nuestras afiliadas, como fusiones, adquisiciones o ventas reales o potenciales de unidades comerciales;<br \/>\nCumplir con las \u00f3rdenes legales y los requisitos gubernamentales, o apoyar las funciones de auditor\u00eda, cumplimiento y gobierno corporativo seg\u00fan sea necesario;<br \/>\nPara combatir el fraude o la actividad delictiva, y para proteger nuestros derechos o los de nuestros afiliados, usuarios y socios comerciales, o como parte de procedimientos legales que afecten a nuestra empresa, incluida la aplicaci\u00f3n de nuestros t\u00e9rminos y condiciones.<\/p>","protected":false},"excerpt":{"rendered":"<p>La privacidad y seguridad de su informaci\u00f3n es muy importante para nosotros. Consulte la pol\u00edtica de privacidad completa a continuaci\u00f3n para obtener m\u00e1s informaci\u00f3n. Introducci\u00f3n Esta pol\u00edtica de privacidad explica c\u00f3mo nuestra empresa y sus afiliados recopilan y utilizan su informaci\u00f3n. Nuestra pol\u00edtica de privacidad se aplica a todas las personas que visitan y utilizan nuestro sitio web, nuestra empresa y en l\u00ednea [\u2026]<\/p>","protected":false},"author":1,"featured_media":0,"parent":0,"menu_order":0,"comment_status":"closed","ping_status":"closed","template":"page\/privacy.php","meta":{"_monsterinsights_skip_tracking":false,"_monsterinsights_sitenote_active":false,"_monsterinsights_sitenote_note":"","_monsterinsights_sitenote_category":0,"footnotes":""},"class_list":["post-138","page","type-page","status-publish","hentry"],"_links":{"self":[{"href":"http:\/\/test3.lingjuin.com\/es\/wp-json\/wp\/v2\/pages\/138"}],"collection":[{"href":"http:\/\/test3.lingjuin.com\/es\/wp-json\/wp\/v2\/pages"}],"about":[{"href":"http:\/\/test3.lingjuin.com\/es\/wp-json\/wp\/v2\/types\/page"}],"author":[{"embeddable":true,"href":"http:\/\/test3.lingjuin.com\/es\/wp-json\/wp\/v2\/users\/1"}],"replies":[{"embeddable":true,"href":"http:\/\/test3.lingjuin.com\/es\/wp-json\/wp\/v2\/comments?post=138"}],"version-history":[{"count":1,"href":"http:\/\/test3.lingjuin.com\/es\/wp-json\/wp\/v2\/pages\/138\/revisions"}],"predecessor-version":[{"id":139,"href":"http:\/\/test3.lingjuin.com\/es\/wp-json\/wp\/v2\/pages\/138\/revisions\/139"}],"wp:attachment":[{"href":"http:\/\/test3.lingjuin.com\/es\/wp-json\/wp\/v2\/media?parent=138"}],"curies":[{"name":"wp","href":"https:\/\/api.w.org\/{rel}","templated":true}]}}