{"id":138,"date":"2022-08-19T15:14:07","date_gmt":"2022-08-19T07:14:07","guid":{"rendered":"http:\/\/jhheat.com\/?page_id=138"},"modified":"2022-08-19T15:14:07","modified_gmt":"2022-08-19T07:14:07","slug":"privacy","status":"publish","type":"page","link":"http:\/\/test3.lingjuin.com\/sv\/integritet\/","title":{"rendered":"Integritet"},"content":{"rendered":"<p>Integriteten och s\u00e4kerheten f\u00f6r din information \u00e4r mycket viktig f\u00f6r oss.<br \/>\nSe den fullst\u00e4ndiga integritetspolicyn nedan f\u00f6r att l\u00e4ra dig mer.<\/p>\n<ol>\n<li>Introduktion<\/li>\n<\/ol>\n<p>Denna integritetspolicy f\u00f6rklarar hur v\u00e5rt f\u00f6retag och dess dotterbolag samlar in och anv\u00e4nder din information. V\u00e5r integritetspolicy g\u00e4ller alla personer som bes\u00f6ker och anv\u00e4nder v\u00e5r webbplats, v\u00e5rt f\u00f6retag och onlinetj\u00e4nster samt de webbplatser och onlinetj\u00e4nster som tillhandah\u00e5lls av v\u00e5ra medlemmar (sammantaget kallade &quot;webbplatser&quot;). Anslutna f\u00f6retag \u00e4r enheter som direkt eller indirekt \u00e4gs av v\u00e5rt f\u00f6retag, eller enheter som kontrolleras eller kontrolleras gemensamt av v\u00e5rt f\u00f6retag. H\u00e4nvisningar till &quot;grundl\u00e4ggande h\u00e4lsa&quot;, &quot;oss&quot;, &quot;v\u00e5r&quot; eller &quot;oss&quot; i denna integritetspolicy h\u00e4nvisar till den enhet som \u00e4r ansvarig f\u00f6r insamlingen och anv\u00e4ndningen av dina personuppgifter, vanligtvis den enhet som erh\u00e5ller dina personuppgifter i varje fall under. Denna enhet kallas \u00e4ven f\u00f6r personuppgiftsansvarig. Denna integritetspolicy t\u00e4cker inte webbplatser och onlinetj\u00e4nster som drivs av v\u00e5rt f\u00f6retag eller v\u00e5ra anslutna f\u00f6retag. Dessa webbplatser och onlinetj\u00e4nster har separata sekretesspolicyer och \u00e4r inte l\u00e4nkade till denna integritetspolicy eller sammanfogade genom referens. Olika integritetspolicyer kan \u00e4ven g\u00e4lla andra delar av v\u00e5r webbplats, s\u00e5som l\u00f6senordsskyddade omr\u00e5den eller webbsidor som anv\u00e4nds f\u00f6r onlinerekrytering. V\u00e5r integritetspolicy g\u00e4ller endast aktiviteter som vi \u00e4gnar oss \u00e5t p\u00e5 denna webbplats och g\u00e4ller inte aktiviteter som \u00e4r &quot;offline&quot; eller inte relaterade till denna webbplats. Denna integritetspolicy har inf\u00f6rlivats i v\u00e5ra villkor och detsamma g\u00e4ller n\u00e4r du anv\u00e4nder v\u00e5r webbplats. Genom att anv\u00e4nda denna webbplats och tillhandah\u00e5lla dina personuppgifter och annan information via denna webbplats, godk\u00e4nner du att dina personuppgifter kommer att behandlas i enlighet med villkoren i denna integritetspolicy. Om du inte samtycker till den praxis som beskrivs i denna integritetspolicy, v\u00e4nligen f\u00f6rse oss inte med dina personuppgifter eller interagera med webbplatsen p\u00e5 andra s\u00e4tt. Vi f\u00f6rbeh\u00e5ller oss r\u00e4tten att n\u00e4r som helst \u00e4ndra denna integritetspolicy. Om vi g\u00f6r n\u00e5gra st\u00f6rre \u00e4ndringar i v\u00e5r integritetspolicy kommer vi att meddela detta p\u00e5 denna webbplats innan \u00e4ndringarna tr\u00e4der i kraft. Du kan fastst\u00e4lla det senaste revideringsdatumet av denna integritetspolicy genom att h\u00e4nvisa till &quot;senast uppdaterad&quot; datum ovan. Du kan se den senaste versionen av denna sekretesspolicy. Vi rekommenderar att du regelbundet kontrollerar sekretesspolicyn f\u00f6r eventuella \u00e4ndringar.<\/p>\n<p>&nbsp;<\/p>\n<ol start=\"2\">\n<li>Vilka personuppgifter samlar vi in om dig?<\/li>\n<\/ol>\n<p>Personuppgifter som anv\u00e4nds i denna integritetspolicy h\u00e4nvisar till all information relaterad till en identifierad eller identifierbar individ, eller som definieras av till\u00e4mpliga lagar. N\u00e4r du bes\u00f6ker v\u00e5r webbplats och frivilligt interagerar med den kommer vi att samla in f\u00f6ljande personuppgifter:<br \/>\nDitt f\u00f6r- och efternamn;<br \/>\nF\u00f6retagsnamn;<br \/>\nInternet Protocol (IP) adress;<br \/>\nKontaktinformation (till exempel telefonnummer, e-postadress);<br \/>\neller, Annan information som du frivilligt tillhandah\u00e5ller.<\/p>\n<p>&nbsp;<\/p>\n<ol start=\"3\">\n<li>N\u00e4r samlar vi in personuppgifter om dig?<\/li>\n<\/ol>\n<p>S\u00e5vida du inte frivilligt v\u00e4ljer att l\u00e4mna ut s\u00e5dan information kommer v\u00e5rt f\u00f6retag inte att samla in n\u00e5gra personuppgifter fr\u00e5n dig via denna webbplats. Vi kan be dig att tillhandah\u00e5lla vissa personuppgifter vid olika tidpunkter och platser p\u00e5 webbplatsen. I vissa fall, om du v\u00e4ljer att inte f\u00f6rse oss med de beg\u00e4rda personuppgifterna, kanske du inte kan komma \u00e5t allt inneh\u00e5ll p\u00e5 denna webbplats eller delta i alla dess funktioner. Till exempel kan vi samla in personuppgifter fr\u00e5n dig n\u00e4r du utf\u00f6r f\u00f6ljande \u00e5tg\u00e4rder:<br \/>\nK\u00f6p produkter fr\u00e5n v\u00e5rt f\u00f6retag via v\u00e5r hemsida;<br \/>\n\u00d6ppna eller svara p\u00e5 v\u00e5rt mejl;<br \/>\nN\u00e4r du frivilligt l\u00e4mnar information till oss genom kundunders\u00f6kningar kan vi koppla den till de personuppgifter vi tidigare har samlat in om dig;<br \/>\nKontakta kundtj\u00e4nst, anv\u00e4nd v\u00e5r &quot;anslut&quot;-funktion f\u00f6r att prata med v\u00e5ra f\u00f6retagsrepresentanter eller anv\u00e4nd v\u00e5ra kundsupportverktyg;<br \/>\nAnslut, l\u00e4nka eller &quot;dela&quot; v\u00e5r webbplats via sociala n\u00e4tverkssajter;<br \/>\nOm du f\u00f6rser oss med personuppgifter fr\u00e5n en tredje part betyder det att du har gett tredje part ett meddelande och har f\u00e5tt tillst\u00e5nd av tredje part att tillhandah\u00e5lla s\u00e5dan information.<\/p>\n<p>&nbsp;<\/p>\n<ol start=\"4\">\n<li>Hur anv\u00e4nder vi personuppgifter?<\/li>\n<\/ol>\n<p>V\u00e5rt f\u00f6retag anv\u00e4nder de personuppgifter vi samlar in f\u00f6r att f\u00f6rse dig med tj\u00e4nster eller ing\u00e5 ett avtal med dig n\u00e4r du bes\u00f6ker v\u00e5r webbplats. Detta inkluderar:<br \/>\nSkapa ett onlinewebbplatskonto \u00e5t dig enligt dina krav;<br \/>\nGe kundservice (till exempel svara p\u00e5 dina fr\u00e5gor eller svara p\u00e5 f\u00f6rfr\u00e5gningar);<br \/>\nSkicka p\u00e5minnelser, uppdateringar, support, ledningsmeddelanden, tj\u00e4nstemeddelanden och beg\u00e4rd information till dig;<br \/>\nVi kommer att anv\u00e4nda personuppgifter som efterstr\u00e4vas av en tredje part eller oss f\u00f6r legitima aff\u00e4rssk\u00e4l, s\u00e5 l\u00e4nge som uppgifterna \u00e4r f\u00f6renliga med dina r\u00e4ttigheter och f\u00f6rv\u00e4ntningar p\u00e5 integritet. Detta inkluderar:<br \/>\nDrifta, underh\u00e5lla och f\u00f6rb\u00e4ttra denna webbplats, v\u00e5ra tj\u00e4nster och v\u00e5ra produkter;<br \/>\nUtf\u00f6ra analyser och genomf\u00f6ra kundunders\u00f6kningar;<br \/>\nVerifiera din f\u00f6rm\u00e5ga att komma \u00e5t eller anv\u00e4nda vissa produkter eller tj\u00e4nster som endast \u00e4r tillg\u00e4ngliga f\u00f6r individer som uppfyller vissa kvalifikationskrav eller standarder, s\u00e5som sjukv\u00e5rdspersonal;<br \/>\nTill\u00e5ta dig att interagera med vissa tredjepartsleverant\u00f6rer av inneh\u00e5llstj\u00e4nster (till exempel f\u00f6r att g\u00f6ra det m\u00f6jligt f\u00f6r dig att l\u00e4nka till eller se inneh\u00e5ll fr\u00e5n tredje parts webbplatser p\u00e5 denna webbplats, eller se v\u00e5rt inneh\u00e5ll p\u00e5 tredje parts webbplatser);<br \/>\nTill\u00e5t dig att v\u00e4lja att delta i de interaktiva funktionerna p\u00e5 v\u00e5r webbplats;<br \/>\nHantera onlineunders\u00f6kningar eller specialerbjudanden som tillhandah\u00e5lls av oss eller genom v\u00e5ra tredje parts aff\u00e4rspartners;<br \/>\nF\u00f6rb\u00e4ttra v\u00e5r webbplats, kundservice, produkter och tj\u00e4nster och \u00f6vergripande anv\u00e4ndarupplevelse;<br \/>\nF\u00f6rb\u00e4ttra annan information vi har om dig f\u00f6r att hj\u00e4lpa oss att b\u00e4ttre f\u00f6rst\u00e5 dig och best\u00e4mma dina intressen;<br \/>\nBest\u00e4m dina preferenser s\u00e5 att vi kan meddela dig om nya produkter eller andra produkter, tj\u00e4nster och kampanjer som kan vara av intresse f\u00f6r dig;<br \/>\nV\u00e5rt f\u00f6retag har ocks\u00e5 en laglig grund f\u00f6r att anv\u00e4nda dina personuppgifter:<br \/>\nF\u00f6r att f\u00f6rhindra bedr\u00e4geri, allm\u00e4n s\u00e4kerhet, och f\u00f6r att uppr\u00e4tth\u00e5lla v\u00e5rt f\u00f6retags rapporteringsskyldigheter och villkor och f\u00f6lja lagar, f\u00f6rordningar, domstolsbeslut, st\u00e4mningar eller andra juridiska f\u00f6rfaranden.<br \/>\nD\u00e4r det kr\u00e4vs enligt lag kan vi ocks\u00e5 anv\u00e4nda informationen som samlas in i enlighet med denna integritetspolicy med ditt &quot;opt-in&quot;-samtycke f\u00f6r att f\u00f6rse dig med varor eller tj\u00e4nster som vi tror kan vara av intresse f\u00f6r din information.<\/p>\n<p>&nbsp;<\/p>\n<ol start=\"5\">\n<li>Hur hanterar man k\u00e4nsliga personuppgifter?<\/li>\n<\/ol>\n<p>De k\u00e4nsliga personuppgifterna som anv\u00e4nds i integritetspolicyn (\u00e4ven kallade &quot;s\u00e4rskilda kategorier av personuppgifter&quot;) h\u00e4nvisar till data relaterade till din ras eller etnicitet, politiska \u00e5sikter, religion eller annan \u00f6vertygelse, h\u00e4lsa, genetiska eller biologiska egenskaper, sexualliv, eller sexualitet. Information om l\u00e4ggning, kriminell bakgrund eller fackligt medlemskap. V\u00e5rt f\u00f6retag samlar endast in k\u00e4nsliga personuppgifter under f\u00f6ljande begr\u00e4nsade omst\u00e4ndigheter:<br \/>\nMed ditt uttryckliga samtycke;<br \/>\nSkydda dina eller andras vitala intressen om du inte kan komma \u00f6verens fysiskt eller juridiskt;<br \/>\nOm behandling kr\u00e4vs f\u00f6r f\u00f6rebyggande eller yrkesmedicinska \u00e4ndam\u00e5l, tillhandah\u00e5lla h\u00e4lso- eller socialv\u00e5rd eller behandling eller hantera h\u00e4lso- och sjukv\u00e5rdssystem och -tj\u00e4nster i enlighet med unionens eller medlemsstaternas lagar eller i enlighet med avtal med v\u00e5rdpersonal; eller anv\u00e4nds f\u00f6r att fastst\u00e4lla, ut\u00f6va eller f\u00f6rsvara r\u00e4ttsliga anspr\u00e5k, eller i den utstr\u00e4ckning det \u00e4r till\u00e5tet och kr\u00e4vs enligt till\u00e4mpliga lagar.<br \/>\nOm inte annat kr\u00e4vs enligt g\u00e4llande lagar beh\u00f6ver du inte ge oss n\u00e5gra k\u00e4nsliga personuppgifter n\u00e4r du anv\u00e4nder v\u00e5r webbplats. Om du v\u00e4ljer att inte g\u00f6ra det kommer ditt beslut inte att hindra dig fr\u00e5n att anv\u00e4nda v\u00e5r webbplats.<\/p>\n<p>&nbsp;<\/p>\n<ol start=\"6\">\n<li>Vilken annan information samlar vi in?<\/li>\n<\/ol>\n<p>Liksom m\u00e5nga andra webbplatser, n\u00e4r du surfar och interagerar med v\u00e5r webbplats, kan vi anv\u00e4nda automatisk insamlingsteknik f\u00f6r att samla in viss information om din enhet, surffunktioner och m\u00f6nster, inklusive:<br \/>\nDetaljerna f\u00f6r ditt bes\u00f6k p\u00e5 v\u00e5r webbplats, inklusive de resurser du bes\u00f6ker och anv\u00e4nder p\u00e5 v\u00e5r webbplats, trafikdata, platsdata, loggar, spr\u00e5k;<br \/>\nDatum och tid f\u00f6r \u00e5tkomst, frekvens och annan kommunikationsdata;<br \/>\nInformation om datorn och internetanslutningen, inklusive operativsystem, v\u00e4rddom\u00e4n och webbl\u00e4sartyp (som Internet Explorer); eller<br \/>\nInformation om rekommenderad webbplats (URL).<br \/>\nDen information vi automatiskt samlar in \u00e4r statistisk data som kan hj\u00e4lpa oss att f\u00f6rb\u00e4ttra v\u00e5r webbplats och tillhandah\u00e5lla b\u00e4ttre och mer personliga tj\u00e4nster, inklusive att g\u00f6ra det m\u00f6jligt f\u00f6r oss att:<br \/>\nBest\u00e4m webbplatsens trafikm\u00f6nster;<br \/>\nR\u00e4kna antalet webbplatsbes\u00f6k;<br \/>\nIdentifiera k\u00e4llan till trafik s\u00e5 att vi kan m\u00e4ta och f\u00f6rb\u00e4ttra webbplatsens prestanda;<br \/>\nDela eller s\u00e4lja s\u00e5dan information till tredje part;<br \/>\nHj\u00e4lp oss att f\u00f6rst\u00e5 vilka sidor och inneh\u00e5ll som \u00e4r mest popul\u00e4ra och minst popul\u00e4ra; och<br \/>\nBest\u00e4m frekvens och sista datum f\u00f6r ditt bes\u00f6k p\u00e5 v\u00e5r webbplats.<\/p>\n<p>&nbsp;<\/p>\n<ol start=\"7\">\n<li>Cookies och annan teknik<\/li>\n<\/ol>\n<p>N\u00e4r du bes\u00f6ker v\u00e5r webbplats eller interagerar med v\u00e5ra e-postmeddelanden anv\u00e4nder vi cookies, webbsignaler\/pixeltaggar och annan teknik (kallas gemensamt f\u00f6r &quot;cookies&quot;) f\u00f6r att identifiera dig. &quot;Cookies&quot; \u00e4r sm\u00e5 m\u00e4ngder data som cachelagras eller lagras p\u00e5 en dator baserad p\u00e5 internetaktivitet. Dessa cookies kan skickas i samband med en f\u00f6rsta part eller en tredje part. Till exempel kan vi samla in information om din webbl\u00e4sartyp och version, operativsystem, anv\u00e4ndarspr\u00e5k, internetleverant\u00f6r, visade webbsidor, klickade l\u00e4nkar, IP-adress, om det finns en &quot;Flash&quot;-plugin, sk\u00e4rmuppl\u00f6sning och anslutningsinformation. Typer, webbplatser som bes\u00f6kts f\u00f6re och efter att du bes\u00f6kt v\u00e5r webbplats, detaljerad information om de k\u00f6pta varorna och e-postmeddelanden du skickar, vidarebefordrar eller klickar f\u00f6r att komma in p\u00e5 v\u00e5r webbplats. Genom att samla in denna information kan vi b\u00e4ttre f\u00f6rst\u00e5 hur du interagerar med v\u00e5r webbplats; ge dig en mer personlig och optimerad onlineupplevelse genom att sp\u00e5ra dina preferenser; f\u00f6rb\u00e4ttra v\u00e5r webbplats; utf\u00f6ra kontrakt med v\u00e5ra aff\u00e4rspartners; hj\u00e4lp Bekr\u00e4fta mottagandet och svara p\u00e5 v\u00e5rt e-postmeddelande; och ge effektivare kundservice. F\u00f6r mer information om de cookies vi samlar in och hur man inaktiverar dem, v\u00e4nligen bes\u00f6k v\u00e5r Cookie Policy och avsnitt 9 nedan. Plugins f\u00f6r sociala medier. V\u00e5r webbplats anv\u00e4nder s\u00e5 kallade sociala plug-ins (\u201dplug-ins\u201d) fr\u00e5n de sociala n\u00e4tverken Facebook, Twitter och LinkedIn. Dessa plugins indikeras av respektive logotyper f\u00f6r de sociala n\u00e4tverken. N\u00e4r du bes\u00f6ker webbplatsen kommer din webbl\u00e4sare att uppr\u00e4tta en direkt anslutning till dessa sociala n\u00e4tverks servrar. Det sociala n\u00e4tverket \u00f6verf\u00f6r inneh\u00e5llet i plugin-programmet direkt till din webbl\u00e4sare och integrerar det sedan p\u00e5 webbplatsen. Integreringen av plug-ins g\u00f6r att sociala medier kan ta emot informationen du har laddat p\u00e5 motsvarande sidor p\u00e5 webbplatsen. Om du till exempel loggar in med Facebook kommer den att kunna tilldela ditt bes\u00f6k till ditt konto. N\u00e4r du bes\u00f6ker v\u00e5r webbplats, oavsett om du interagerar med plugin-programmet eller inte, har du redan utbytt denna information. Om du interagerar med plugin-programmet kommer motsvarande information att skickas direkt till Facebook via din webbl\u00e4sare och sparas d\u00e4r. Du kan hitta information om hur sociala n\u00e4tverk anv\u00e4nder data, samt dina r\u00e4ttigheter och valfria inst\u00e4llningar p\u00e5 sociala n\u00e4tverkssajter f\u00f6r att skydda din integritet. Om du inte vill att sociala n\u00e4tverk ska samla in data om dig via v\u00e5r webbplats m\u00e5ste du logga in p\u00e5 den sociala n\u00e4tverksdom\u00e4nen innan du bes\u00f6ker webbplatsen. F\u00f6r att f\u00f6rhindra utbyte av information med sociala n\u00e4tverk under ditt bes\u00f6k p\u00e5 v\u00e5r webbplats kan du v\u00e4lja bort cookies via dina webbl\u00e4sarinst\u00e4llningar och andra verktyg.<\/p>\n<p>&nbsp;<\/p>\n<ol start=\"8\">\n<li>Hur delar vi information?<\/li>\n<\/ol>\n<p>V\u00e5rt f\u00f6retag har \u00e5tagit sig att h\u00e5lla dina personuppgifter konfidentiella. F\u00f6rutom vad som anges i denna integritetspolicy kommer vi inte att s\u00e4lja, byta eller hyra ut dina personuppgifter som samlats in p\u00e5 webbplatsen till tredje part. Vi kan komma att dela dina personuppgifter i enlighet med f\u00f6ljande juridiska krav eller tillst\u00e5nd:<br \/>\nI den dagliga aff\u00e4rsprocessen kan alla Anhui Juhe Heating Technology Co., Ltd.-anslutna f\u00f6retag endast anv\u00e4nda dina personuppgifter f\u00f6r de syften som beskrivs i denna integritetspolicy (till exempel f\u00f6r att svara p\u00e5 dina fr\u00e5gor om v\u00e5ra produkter och tj\u00e4nster);<br \/>\nMed entrepren\u00f6rer, leverant\u00f6rer och leverant\u00f6rer som tillhandah\u00e5ller tj\u00e4nster till oss f\u00f6r v\u00e5ra v\u00e4gnar, s\u00e5som bearbetning och fullg\u00f6rande av order; dataanalys och lagring; assistera vid direktmarknadsf\u00f6ring och distribution av e-postmeddelanden och annan kommunikation; bedr\u00e4gerif\u00f6rebyggande tj\u00e4nster; leverans och logistik; och slutf\u00f6ra andra syften med ovanst\u00e5ende samling;<br \/>\nOm vi eller n\u00e5got av v\u00e5ra n\u00e4rst\u00e5ende f\u00f6retag ans\u00f6ker om konkurs eller \u00f6verf\u00f6ring av \u00e4gander\u00e4tt (eller tillg\u00e5ngar) relaterat till den f\u00f6reslagna eller fullst\u00e4ndiga omorganisationen av n\u00e5got av v\u00e5ra dotterbolag, s\u00e5som faktiska eller potentiella sammanslagningar, f\u00f6rv\u00e4rv eller f\u00f6rs\u00e4ljningar av aff\u00e4rsenheter;<br \/>\nF\u00f6lja lagar och myndighetskrav, eller st\u00f6dja revisions-, efterlevnads- och bolagsstyrningsfunktioner vid behov;<br \/>\nF\u00f6r att bek\u00e4mpa bedr\u00e4geri eller kriminell aktivitet, och f\u00f6r att skydda r\u00e4ttigheterna f\u00f6r oss eller v\u00e5ra dotterbolag, anv\u00e4ndare och aff\u00e4rspartners, eller som en del av juridiska f\u00f6rfaranden som p\u00e5verkar v\u00e5rt f\u00f6retag, inklusive uppr\u00e4tth\u00e5llandet av v\u00e5ra villkor.<\/p>","protected":false},"excerpt":{"rendered":"<p>Integriteten och s\u00e4kerheten f\u00f6r din information \u00e4r mycket viktig f\u00f6r oss. Se den fullst\u00e4ndiga integritetspolicyn nedan f\u00f6r att l\u00e4ra dig mer. Inledning Denna integritetspolicy f\u00f6rklarar hur v\u00e5rt f\u00f6retag och dess dotterbolag samlar in och anv\u00e4nder din information. V\u00e5r integritetspolicy g\u00e4ller alla personer som bes\u00f6ker och anv\u00e4nder v\u00e5r webbplats, v\u00e5rt f\u00f6retag och online [\u2026]<\/p>","protected":false},"author":1,"featured_media":0,"parent":0,"menu_order":0,"comment_status":"closed","ping_status":"closed","template":"page\/privacy.php","meta":{"_monsterinsights_skip_tracking":false,"_monsterinsights_sitenote_active":false,"_monsterinsights_sitenote_note":"","_monsterinsights_sitenote_category":0,"footnotes":""},"class_list":["post-138","page","type-page","status-publish","hentry"],"_links":{"self":[{"href":"http:\/\/test3.lingjuin.com\/sv\/wp-json\/wp\/v2\/pages\/138"}],"collection":[{"href":"http:\/\/test3.lingjuin.com\/sv\/wp-json\/wp\/v2\/pages"}],"about":[{"href":"http:\/\/test3.lingjuin.com\/sv\/wp-json\/wp\/v2\/types\/page"}],"author":[{"embeddable":true,"href":"http:\/\/test3.lingjuin.com\/sv\/wp-json\/wp\/v2\/users\/1"}],"replies":[{"embeddable":true,"href":"http:\/\/test3.lingjuin.com\/sv\/wp-json\/wp\/v2\/comments?post=138"}],"version-history":[{"count":1,"href":"http:\/\/test3.lingjuin.com\/sv\/wp-json\/wp\/v2\/pages\/138\/revisions"}],"predecessor-version":[{"id":139,"href":"http:\/\/test3.lingjuin.com\/sv\/wp-json\/wp\/v2\/pages\/138\/revisions\/139"}],"wp:attachment":[{"href":"http:\/\/test3.lingjuin.com\/sv\/wp-json\/wp\/v2\/media?parent=138"}],"curies":[{"name":"wp","href":"https:\/\/api.w.org\/{rel}","templated":true}]}}