{"id":41,"date":"2022-08-16T16:10:47","date_gmt":"2022-08-16T08:10:47","guid":{"rendered":"http:\/\/jhheat.com\/?page_id=41"},"modified":"2025-01-10T15:12:40","modified_gmt":"2025-01-10T07:12:40","slug":"about-us","status":"publish","type":"page","link":"http:\/\/test3.lingjuin.com\/sv\/om-oss\/","title":{"rendered":"OM OSS"},"content":{"rendered":"<p>buyheattracing.com has been manufacturing and designing electric heating cables for world markets many years, our products range includes underfloor heating, snow melting, frost protection and self regulating heating.<\/p>\n<p>Vi har 5 h\u00f6ghastighetsproduktionslinjer, exporterar 8-10 beh\u00e5llare av v\u00e5ra produkter till Ryssland, Europa, Australien och Nordamerika varje m\u00e5nad, alla JUHE v\u00e4rmekablar \u00e4r godk\u00e4nda enligt relevanta internationella standarder \u2013 CE-certifikat, IEC60800:2009, ISO-9001: 2005, ISO14001 och ISO45001.<\/p>\n<p>&nbsp;<\/p>\n<p>Vi har samlat p\u00e5 oss tillr\u00e4ckligt f\u00f6r att utveckla och producera f\u00f6rdelar fr\u00e5n v\u00e5rt l\u00e5ngsiktiga samarbete med europeiska kunder genom att bli en p\u00e5litlig partner f\u00f6r v\u00e5ra kunder.<\/p>","protected":false},"excerpt":{"rendered":"<p>buyheattracing.com has been manufacturing and designing electric heating cables for world markets many years, our products range includes underfloor heating, snow melting, frost protection and self regulating heating. We have 5 high speed production lines, export 8-10 containers of our products to Russia, Europe, Australia and North America every month, all JUHE heating cables are [&hellip;]<\/p>","protected":false},"author":1,"featured_media":42,"parent":0,"menu_order":0,"comment_status":"closed","ping_status":"closed","template":"page\/about.php","meta":{"_monsterinsights_skip_tracking":false,"_monsterinsights_sitenote_active":false,"_monsterinsights_sitenote_note":"","_monsterinsights_sitenote_category":0,"footnotes":""},"class_list":["post-41","page","type-page","status-publish","has-post-thumbnail","hentry"],"_links":{"self":[{"href":"http:\/\/test3.lingjuin.com\/sv\/wp-json\/wp\/v2\/pages\/41"}],"collection":[{"href":"http:\/\/test3.lingjuin.com\/sv\/wp-json\/wp\/v2\/pages"}],"about":[{"href":"http:\/\/test3.lingjuin.com\/sv\/wp-json\/wp\/v2\/types\/page"}],"author":[{"embeddable":true,"href":"http:\/\/test3.lingjuin.com\/sv\/wp-json\/wp\/v2\/users\/1"}],"replies":[{"embeddable":true,"href":"http:\/\/test3.lingjuin.com\/sv\/wp-json\/wp\/v2\/comments?post=41"}],"version-history":[{"count":8,"href":"http:\/\/test3.lingjuin.com\/sv\/wp-json\/wp\/v2\/pages\/41\/revisions"}],"predecessor-version":[{"id":844,"href":"http:\/\/test3.lingjuin.com\/sv\/wp-json\/wp\/v2\/pages\/41\/revisions\/844"}],"wp:featuredmedia":[{"embeddable":true,"href":"http:\/\/test3.lingjuin.com\/sv\/wp-json\/wp\/v2\/media\/42"}],"wp:attachment":[{"href":"http:\/\/test3.lingjuin.com\/sv\/wp-json\/wp\/v2\/media?parent=41"}],"curies":[{"name":"wp","href":"https:\/\/api.w.org\/{rel}","templated":true}]}}